{"id":16,"date":"2014-12-21T18:48:57","date_gmt":"2014-12-21T18:48:57","guid":{"rendered":"https:\/\/neuron.ics.upjs.sk\/?page_id=16"},"modified":"2016-01-16T18:18:10","modified_gmt":"2016-01-16T18:18:10","slug":"odporucana-literatura","status":"publish","type":"page","link":"https:\/\/neuron.ics.upjs.sk\/?page_id=16","title":{"rendered":"Odpor\u00fa\u010dan\u00e1 literat\u00fara"},"content":{"rendered":"<ul>\n<li><strong>Um\u011bl\u00e1 inteligence (4)<\/strong>, V. Ma\u0159\u00edk, O. \u0160t\u011bp\u00e1nkov\u00e1, J. La\u017eansk\u00fd a kol., Akademie v\u011bd \u010cR, Praha, 2003<\/li>\n<li><strong>Fundamentals of artificial neural networks<\/strong>, M. H. Hassoun, MIT Press, Cambridge, 1995<\/li>\n<li><strong>Introduction to the theory of neural computation<\/strong>, J. Hertz, A. Krogh, R.G. Palmer, Addison-Wesley, 1991<\/li>\n<li><strong>\u00davod do te\u00f3rie neur\u00f3nov\u00fdch siet\u00ed<\/strong>,\u00a0V. Kvasni\u010dka a kol., IRIS, Bratislava, 1997<\/li>\n<li><strong>Neuron\u00f3ve siete \u2013 in\u017einiersky pr\u00edstup<\/strong>,\u00a0P. Sin\u010d\u00e1k, G. Andrejkov\u00e1,\u00a0<a href=\"https:\/\/neuron.ics.upjs.sk\/wp-content\/uploads\/2015\/06\/neuronky1.pdf\" target=\"_blank\">1.diel<\/a>\u00a0\u00a0<a href=\"https:\/\/neuron.ics.upjs.sk\/wp-content\/uploads\/2015\/06\/neuronky2.pdf\" target=\"_blank\">2.diel<\/a><\/li>\n<li><strong>Teoretick\u00e9 ot\u00e1zky neur\u00f3nov\u00fdch s\u00edt\u00ed<\/strong>,\u00a0J. \u0160\u00edma, R. Neruda,\u00a0<a href=\"https:\/\/neuron.ics.upjs.sk\/wp-content\/uploads\/2015\/06\/SimaNeruda.pdf\" target=\"_blank\">pdf<\/a><\/li>\n<\/ul>\n","protected":false},"excerpt":{"rendered":"<p>Um\u011bl\u00e1 inteligence (4), V. Ma\u0159\u00edk, O. \u0160t\u011bp\u00e1nkov\u00e1, J. La\u017eansk\u00fd a kol., Akademie v\u011bd \u010cR, Praha, 2003 Fundamentals of artificial neural networks, M. H. Hassoun, MIT Press, Cambridge, 1995 Introduction to the theory of neural computation, J. Hertz, A. Krogh, R.G. Palmer, Addison-Wesley, 1991 \u00davod do te\u00f3rie neur\u00f3nov\u00fdch siet\u00ed,\u00a0V. Kvasni\u010dka a kol., IRIS, Bratislava, 1997 Neuron\u00f3ve &hellip; <a href=\"https:\/\/neuron.ics.upjs.sk\/?page_id=16\">Continue reading <span class=\"meta-nav\">&rarr;<\/span><\/a><\/p>\n","protected":false},"author":1,"featured_media":0,"parent":0,"menu_order":0,"comment_status":"closed","ping_status":"closed","template":"","meta":[],"_links":{"self":[{"href":"https:\/\/neuron.ics.upjs.sk\/index.php?rest_route=\/wp\/v2\/pages\/16"}],"collection":[{"href":"https:\/\/neuron.ics.upjs.sk\/index.php?rest_route=\/wp\/v2\/pages"}],"about":[{"href":"https:\/\/neuron.ics.upjs.sk\/index.php?rest_route=\/wp\/v2\/types\/page"}],"author":[{"embeddable":true,"href":"https:\/\/neuron.ics.upjs.sk\/index.php?rest_route=\/wp\/v2\/users\/1"}],"replies":[{"embeddable":true,"href":"https:\/\/neuron.ics.upjs.sk\/index.php?rest_route=%2Fwp%2Fv2%2Fcomments&post=16"}],"version-history":[{"count":5,"href":"https:\/\/neuron.ics.upjs.sk\/index.php?rest_route=\/wp\/v2\/pages\/16\/revisions"}],"predecessor-version":[{"id":111,"href":"https:\/\/neuron.ics.upjs.sk\/index.php?rest_route=\/wp\/v2\/pages\/16\/revisions\/111"}],"wp:attachment":[{"href":"https:\/\/neuron.ics.upjs.sk\/index.php?rest_route=%2Fwp%2Fv2%2Fmedia&parent=16"}],"curies":[{"name":"wp","href":"https:\/\/api.w.org\/{rel}","templated":true}]}}