{"id":37,"date":"2015-06-11T09:11:01","date_gmt":"2015-06-11T09:11:01","guid":{"rendered":"https:\/\/neuron.ics.upjs.sk\/?page_id=37"},"modified":"2016-01-16T21:07:08","modified_gmt":"2016-01-16T21:07:08","slug":"uvod-do-neuronovych-sieti","status":"publish","type":"page","link":"https:\/\/neuron.ics.upjs.sk\/?page_id=37","title":{"rendered":"\u00davod do neur\u00f3nov\u00fdch sieti"},"content":{"rendered":"<h4><a href=\"https:\/\/neuron.ics.upjs.sk\/wp-content\/uploads\/2015\/10\/UNS15_sylab.pdf\" target=\"_blank\">Sylabus<\/a><\/h4>\n<h4>Predn\u00e1\u0161ky<\/h4>\n<ul>\n<li><a href=\"https:\/\/neuron.ics.upjs.sk\/wp-content\/uploads\/2016\/01\/UNS15_01.pdf\" target=\"_blank\">predn\u00e1\u0161ka 1<\/a><\/li>\n<li><a href=\"https:\/\/neuron.ics.upjs.sk\/wp-content\/uploads\/2016\/01\/UNS15_02.pdf\" target=\"_blank\">predn\u00e1\u0161ka 2<\/a><\/li>\n<li><a href=\"https:\/\/neuron.ics.upjs.sk\/wp-content\/uploads\/2016\/01\/UNS15_03.pdf\" target=\"_blank\">predn\u00e1\u0161ka 3<\/a><\/li>\n<li><a href=\"https:\/\/neuron.ics.upjs.sk\/wp-content\/uploads\/2016\/01\/UNS15_04.pdf\" target=\"_blank\">predn\u00e1\u0161ka 4<\/a><\/li>\n<li><a href=\"https:\/\/neuron.ics.upjs.sk\/wp-content\/uploads\/2016\/01\/TSP.pdf\" target=\"_blank\">TSP &#8211; Hopfield<\/a><\/li>\n<li><a href=\"https:\/\/neuron.ics.upjs.sk\/wp-content\/uploads\/2016\/01\/UNS15_05.pdf\" target=\"_blank\">predn\u00e1\u0161ka 5<\/a><\/li>\n<li><a href=\"https:\/\/neuron.ics.upjs.sk\/wp-content\/uploads\/2016\/01\/UNS15_07.pdf\" target=\"_blank\">predn\u00e1\u0161ka 7<\/a><\/li>\n<li><a href=\"https:\/\/neuron.ics.upjs.sk\/wp-content\/uploads\/2016\/01\/UNS15_08.pdf\" target=\"_blank\">predn\u00e1\u0161ka 8<\/a><\/li>\n<li><a href=\"https:\/\/neuron.ics.upjs.sk\/wp-content\/uploads\/2016\/01\/UNS15_09.pdf\" target=\"_blank\">predn\u00e1\u0161ka 9<\/a><\/li>\n<li><a href=\"https:\/\/neuron.ics.upjs.sk\/wp-content\/uploads\/2016\/01\/UNS15_10.pdf\" target=\"_blank\">predn\u00e1\u0161ka 10<\/a><\/li>\n<\/ul>\n","protected":false},"excerpt":{"rendered":"<p>Sylabus Predn\u00e1\u0161ky predn\u00e1\u0161ka 1 predn\u00e1\u0161ka 2 predn\u00e1\u0161ka 3 predn\u00e1\u0161ka 4 TSP &#8211; Hopfield predn\u00e1\u0161ka 5 predn\u00e1\u0161ka 7 predn\u00e1\u0161ka 8 predn\u00e1\u0161ka 9 predn\u00e1\u0161ka 10<\/p>\n","protected":false},"author":3,"featured_media":0,"parent":0,"menu_order":0,"comment_status":"closed","ping_status":"closed","template":"","meta":[],"_links":{"self":[{"href":"https:\/\/neuron.ics.upjs.sk\/index.php?rest_route=\/wp\/v2\/pages\/37"}],"collection":[{"href":"https:\/\/neuron.ics.upjs.sk\/index.php?rest_route=\/wp\/v2\/pages"}],"about":[{"href":"https:\/\/neuron.ics.upjs.sk\/index.php?rest_route=\/wp\/v2\/types\/page"}],"author":[{"embeddable":true,"href":"https:\/\/neuron.ics.upjs.sk\/index.php?rest_route=\/wp\/v2\/users\/3"}],"replies":[{"embeddable":true,"href":"https:\/\/neuron.ics.upjs.sk\/index.php?rest_route=%2Fwp%2Fv2%2Fcomments&post=37"}],"version-history":[{"count":13,"href":"https:\/\/neuron.ics.upjs.sk\/index.php?rest_route=\/wp\/v2\/pages\/37\/revisions"}],"predecessor-version":[{"id":152,"href":"https:\/\/neuron.ics.upjs.sk\/index.php?rest_route=\/wp\/v2\/pages\/37\/revisions\/152"}],"wp:attachment":[{"href":"https:\/\/neuron.ics.upjs.sk\/index.php?rest_route=%2Fwp%2Fv2%2Fmedia&parent=37"}],"curies":[{"name":"wp","href":"https:\/\/api.w.org\/{rel}","templated":true}]}}