{"id":47,"date":"2015-06-11T09:30:08","date_gmt":"2015-06-11T09:30:08","guid":{"rendered":"https:\/\/neuron.ics.upjs.sk\/?page_id=47"},"modified":"2016-01-16T21:08:29","modified_gmt":"2016-01-16T21:08:29","slug":"publikacie","status":"publish","type":"page","link":"https:\/\/neuron.ics.upjs.sk\/?page_id=47","title":{"rendered":"Publik\u00e1cie"},"content":{"rendered":"<h5>Z odpor\u00fa\u010danej litert\u00fary<\/h5>\n<ul>\n<li><strong>Neuron\u00f3ve siete &#8211; in\u017einiersky pr\u00edstup<\/strong>,\u00a0P. Sin\u010d\u00e1k, G. Andrejkov\u00e1, <a href=\"https:\/\/neuron.ics.upjs.sk\/wp-content\/uploads\/2015\/06\/neuronky1.pdf\" target=\"_blank\">1.diel<\/a>\u00a0<a href=\"https:\/\/neuron.ics.upjs.sk\/wp-content\/uploads\/2015\/06\/neuronky2.pdf\" target=\"_blank\">2.diel<\/a><\/li>\n<li><strong>Teoretick\u00e9 ot\u00e1zky neur\u00f3nov\u00fdch s\u00edt\u00ed<\/strong>,\u00a0J. \u0160\u00edma, R. Neruda,\u00a0<a href=\"https:\/\/neuron.ics.upjs.sk\/wp-content\/uploads\/2015\/06\/SimaNeruda.pdf\" target=\"_blank\">pdf<\/a><\/li>\n<\/ul>\n<h5>Diplomov\u00e9 pr\u00e1ce<\/h5>\n<ul>\n<li>Moja prv\u00e1 diplomka, Jo\u017eko Mrkvi\u010dka,<a href=\"https:\/\/neuron.ics.upjs.sk\/wp-content\/uploads\/2015\/06\/abstrakt.pdf\"> abstrakt<\/a>, <a href=\"https:\/\/neuron.ics.upjs.sk\/wp-content\/uploads\/2015\/06\/celaPraca.pdf\"> pr\u00e1ca<\/a><\/li>\n<\/ul>\n<h5>Dizerta\u010dn\u00e9 pr\u00e1ce<\/h5>\n<ul>\n<\/ul>\n","protected":false},"excerpt":{"rendered":"<p>Z odpor\u00fa\u010danej litert\u00fary Neuron\u00f3ve siete &#8211; in\u017einiersky pr\u00edstup,\u00a0P. Sin\u010d\u00e1k, G. Andrejkov\u00e1, 1.diel\u00a02.diel Teoretick\u00e9 ot\u00e1zky neur\u00f3nov\u00fdch s\u00edt\u00ed,\u00a0J. \u0160\u00edma, R. Neruda,\u00a0pdf Diplomov\u00e9 pr\u00e1ce Moja prv\u00e1 diplomka, Jo\u017eko Mrkvi\u010dka, abstrakt, pr\u00e1ca Dizerta\u010dn\u00e9 pr\u00e1ce<\/p>\n","protected":false},"author":3,"featured_media":0,"parent":0,"menu_order":0,"comment_status":"closed","ping_status":"closed","template":"","meta":[],"_links":{"self":[{"href":"https:\/\/neuron.ics.upjs.sk\/index.php?rest_route=\/wp\/v2\/pages\/47"}],"collection":[{"href":"https:\/\/neuron.ics.upjs.sk\/index.php?rest_route=\/wp\/v2\/pages"}],"about":[{"href":"https:\/\/neuron.ics.upjs.sk\/index.php?rest_route=\/wp\/v2\/types\/page"}],"author":[{"embeddable":true,"href":"https:\/\/neuron.ics.upjs.sk\/index.php?rest_route=\/wp\/v2\/users\/3"}],"replies":[{"embeddable":true,"href":"https:\/\/neuron.ics.upjs.sk\/index.php?rest_route=%2Fwp%2Fv2%2Fcomments&post=47"}],"version-history":[{"count":15,"href":"https:\/\/neuron.ics.upjs.sk\/index.php?rest_route=\/wp\/v2\/pages\/47\/revisions"}],"predecessor-version":[{"id":153,"href":"https:\/\/neuron.ics.upjs.sk\/index.php?rest_route=\/wp\/v2\/pages\/47\/revisions\/153"}],"wp:attachment":[{"href":"https:\/\/neuron.ics.upjs.sk\/index.php?rest_route=%2Fwp%2Fv2%2Fmedia&parent=47"}],"curies":[{"name":"wp","href":"https:\/\/api.w.org\/{rel}","templated":true}]}}